{"id":633,"date":"2021-02-23T10:04:36","date_gmt":"2021-02-23T10:04:36","guid":{"rendered":"https:\/\/rentalcarsheimiticar.com\/index.php\/about-us\/"},"modified":"2025-02-11T22:12:17","modified_gmt":"2025-02-12T08:12:17","slug":"about-us","status":"publish","type":"page","link":"https:\/\/rentalcarsheimiticar.com\/index.php\/about-us\/","title":{"rendered":"About Us"},"content":{"rendered":"<p>-Avoir plus de 23 ans et 2 ans de permis<\/p>\n<p>-Carte d'identit\u00e9 ou passeport et permis international ou national \u00e0 nous fournir<\/p>\n<p>-Caution de 600\u20ac pour citadine ou suv et 1.000\u20ac pour le 4x4 (fond bloqu\u00e9 mais non d\u00e9duit)<\/p>\n<p>-Kilom\u00e9trage illimit\u00e9<\/p>\n<p>-Livraison et r\u00e9cup\u00e9ration gratuite<\/p>\n<p>-Assurance tout risque pour tous nos v\u00e9hicules<\/p>\n","protected":false},"excerpt":{"rendered":"<p>-Avoir plus de 23 ans et 2 ans de permis -Carte d'identit\u00e9 ou passeport et permis international ou national \u00e0 nous fournir -Caution de 600\u20ac pour citadine ou suv et 1.000\u20ac pour le 4x4 (fond bloqu\u00e9 mais non d\u00e9duit) -Kilom\u00e9trage illimit\u00e9 -Livraison et r\u00e9cup\u00e9ration gratuite -Assurance tout risque pour tous nos v\u00e9hicules<\/p>\n","protected":false},"author":1,"featured_media":0,"parent":0,"menu_order":0,"comment_status":"closed","ping_status":"closed","template":"","meta":{"om_disable_all_campaigns":false,"_monsterinsights_skip_tracking":false,"_monsterinsights_sitenote_active":false,"_monsterinsights_sitenote_note":"","_monsterinsights_sitenote_category":0,"_uf_show_specific_survey":0,"_uf_disable_surveys":false,"footnotes":""},"aioseo_notices":[],"_links":{"self":[{"href":"https:\/\/rentalcarsheimiticar.com\/index.php\/wp-json\/wp\/v2\/pages\/633"}],"collection":[{"href":"https:\/\/rentalcarsheimiticar.com\/index.php\/wp-json\/wp\/v2\/pages"}],"about":[{"href":"https:\/\/rentalcarsheimiticar.com\/index.php\/wp-json\/wp\/v2\/types\/page"}],"author":[{"embeddable":true,"href":"https:\/\/rentalcarsheimiticar.com\/index.php\/wp-json\/wp\/v2\/users\/1"}],"replies":[{"embeddable":true,"href":"https:\/\/rentalcarsheimiticar.com\/index.php\/wp-json\/wp\/v2\/comments?post=633"}],"version-history":[{"count":24,"href":"https:\/\/rentalcarsheimiticar.com\/index.php\/wp-json\/wp\/v2\/pages\/633\/revisions"}],"predecessor-version":[{"id":1722,"href":"https:\/\/rentalcarsheimiticar.com\/index.php\/wp-json\/wp\/v2\/pages\/633\/revisions\/1722"}],"wp:attachment":[{"href":"https:\/\/rentalcarsheimiticar.com\/index.php\/wp-json\/wp\/v2\/media?parent=633"}],"curies":[{"name":"wp","href":"https:\/\/api.w.org\/{rel}","templated":true}]}}