{"id":634,"date":"2021-02-23T10:05:00","date_gmt":"2021-02-23T10:05:00","guid":{"rendered":"https:\/\/rentalcarsheimiticar.com\/index.php\/services\/"},"modified":"2025-02-11T21:46:18","modified_gmt":"2025-02-12T07:46:18","slug":"services","status":"publish","type":"page","link":"https:\/\/rentalcarsheimiticar.com\/index.php\/services\/","title":{"rendered":"Services"},"content":{"rendered":"<h4>Nous sommes l\u00e0 pour vous aider \u00e0 r\u00e9aliser votre r\u00eave<\/h4>\n<h2>Autres services<\/h2>\n<p>\t\t\t\t\tNous proposons des services de location adapt\u00e9 \u00e0 vos demandes\t\t\t\t<\/p>\n<h6>Vacances<\/h6>\n<h3>Louez une voiture pour les vacances sur la dur\u00e9e qui vous convient.<\/h3>\n<p>Vous pouvez choisir parmi une large gamme\u00a0de\u00a0v\u00e9hicules pour r\u00e9pondre \u00e0 vos besoins.<\/p>\n<p>Citadines, Suv et 4x4<\/p>\n<h6>Travail<\/h6>\n<h3>Vous b\u00e9n\u00e9ficiez d'un v\u00e9hicule r\u00e9cent, adapt\u00e9 \u00e0 vos besoins.<\/h3>\n<p>V\u00e9hicules r\u00e9cents dans les gammes citadine, suv et 4x4.\u00a0Profitez\u00a0d'un\u00a0v\u00e9hicule qui r\u00e9pond \u00e0 toutes vos exigences.<\/p>\n<h6>Un \u00e9v\u00e8nement<\/h6>\n<h3>Location de v\u00e9hicule<br \/>\npour mariages et \u00e9v\u00e8nements<\/h3>\n<p>Pour vos d\u00e9placements priv\u00e9s et professionnels, optez pour la <em>LOCATION HAUT DE GAMME<\/em>.<\/p>\n<p>Ev\u00e9nements, mariage, c\u00e9r\u00e9monie, anniversaire, pensez \u00e0 une location de voiture plus prestigieuse.<\/p>\n<h6>A la journ\u00e9e<\/h6>\n<h3>A la recherche d'une location de voiture \u00e0 la journ\u00e9e ? Pour toute location de voiture de moins de 12h, d\u00e9couvrez les tarifs avantageux<\/h3>\n<p>La location de voiture \u00e0 la journ\u00e9e est id\u00e9ale en cas d'\u00e9v\u00e9nement, d'un d\u00e9placement ponctuel. C'est aussi l'occasion de profitez de v\u00e9hicules de gammes diff\u00e9rentes pour vous faire plaisir.<\/p>\n<p>\u00a0<\/p>\n<p><em><strong>Pour plus d'information envoyer un message via \"Contact\"<\/strong><\/em><\/p>\n","protected":false},"excerpt":{"rendered":"<p>Nous sommes l\u00e0 pour vous aider \u00e0 r\u00e9aliser votre r\u00eave Autres services Nous proposons des services de location adapt\u00e9 \u00e0 vos demandes Vacances Louez une voiture pour les vacances sur la dur\u00e9e qui vous convient. Vous pouvez choisir parmi une large gamme\u00a0de\u00a0v\u00e9hicules pour r\u00e9pondre \u00e0 vos besoins. Citadines, Suv et 4x4 Travail Vous b\u00e9n\u00e9ficiez d'un [&hellip;]<\/p>\n","protected":false},"author":1,"featured_media":0,"parent":0,"menu_order":0,"comment_status":"closed","ping_status":"closed","template":"","meta":{"om_disable_all_campaigns":false,"_monsterinsights_skip_tracking":false,"_monsterinsights_sitenote_active":false,"_monsterinsights_sitenote_note":"","_monsterinsights_sitenote_category":0,"_uf_show_specific_survey":0,"_uf_disable_surveys":false,"footnotes":""},"aioseo_notices":[],"_links":{"self":[{"href":"https:\/\/rentalcarsheimiticar.com\/index.php\/wp-json\/wp\/v2\/pages\/634"}],"collection":[{"href":"https:\/\/rentalcarsheimiticar.com\/index.php\/wp-json\/wp\/v2\/pages"}],"about":[{"href":"https:\/\/rentalcarsheimiticar.com\/index.php\/wp-json\/wp\/v2\/types\/page"}],"author":[{"embeddable":true,"href":"https:\/\/rentalcarsheimiticar.com\/index.php\/wp-json\/wp\/v2\/users\/1"}],"replies":[{"embeddable":true,"href":"https:\/\/rentalcarsheimiticar.com\/index.php\/wp-json\/wp\/v2\/comments?post=634"}],"version-history":[{"count":9,"href":"https:\/\/rentalcarsheimiticar.com\/index.php\/wp-json\/wp\/v2\/pages\/634\/revisions"}],"predecessor-version":[{"id":1706,"href":"https:\/\/rentalcarsheimiticar.com\/index.php\/wp-json\/wp\/v2\/pages\/634\/revisions\/1706"}],"wp:attachment":[{"href":"https:\/\/rentalcarsheimiticar.com\/index.php\/wp-json\/wp\/v2\/media?parent=634"}],"curies":[{"name":"wp","href":"https:\/\/api.w.org\/{rel}","templated":true}]}}