{"id":635,"date":"2021-02-23T10:07:14","date_gmt":"2021-02-23T10:07:14","guid":{"rendered":"https:\/\/rentalcarsheimiticar.com\/index.php\/contact\/"},"modified":"2025-07-09T17:29:08","modified_gmt":"2025-07-10T03:29:08","slug":"contact","status":"publish","type":"page","link":"https:\/\/rentalcarsheimiticar.com\/index.php\/contact\/","title":{"rendered":"Contact"},"content":{"rendered":"<p><strong>\u00a0<\/strong><\/p>\n<p><strong>N'h\u00e9sitez plus, et venez nous voir<\/strong><\/p>\n<h3>Profitez de cette opportunit\u00e9 :<\/h3>\n<h3>Venez d\u00e9couvrir notre tr\u00e8s belle \u00eele de Huahine<\/h3>\n<p>\t\t\t<iframe loading=\"lazy\"\n\t\t\t\t\tsrc=\"https:\/\/maps.google.com\/maps?q=Heimiti%20car%207XP8%2B39%20Huahine%2C%20Polyn%C3%A9sie%20fran%C3%A7aise&#038;t=m&#038;z=12&#038;output=embed&#038;iwloc=near\"\n\t\t\t\t\ttitle=\"Heimiti car 7XP8+39 Huahine, Polyn\u00e9sie fran\u00e7aise\"\n\t\t\t\t\taria-label=\"Heimiti car 7XP8+39 Huahine, Polyn\u00e9sie fran\u00e7aise\"\n\t\t\t><\/iframe><\/p>\n<h3>Entrer en contact<\/h3>\n<p>Vous serez suivi directement par les g\u00e9rants<\/p>\n<ul>\n<li>\n\t\t\t\t\t\t\t\t\t\t+689 87.20.63.10\n\t\t\t\t\t\t\t\t\t<\/li>\n<li>\n\t\t\t\t\t\t\t\t\t\t\t<a href=\"#\"><br \/>\n\t\t\t\t\t\t\t\t\t\theimiticar@gmail.com<br \/>\n\t\t\t\t\t\t\t\t\t\t\t<\/a>\n\t\t\t\t\t\t\t\t\t<\/li>\n<li>\n\t\t\t\t\t\t\t\t\t\t\t<a href=\"#\"><br \/>\n\t\t\t\t\t\t\t\t\t\tBP490 Fare ,<br \/>98731 HUAHINE<br \/>\n\t\t\t\t\t\t\t\t\t\t\t<\/a>\n\t\t\t\t\t\t\t\t\t<\/li>\n<li>\n\t\t\t\t\t\t\t\t\t\theimiti car\n\t\t\t\t\t\t\t\t\t<\/li>\n<li>\n\t\t\t\t\t\t\t\t\t\t+689 87.20.63.10\n\t\t\t\t\t\t\t\t\t<\/li>\n<\/ul>\n<h3>Message Client(s)<\/h3>\n","protected":false},"excerpt":{"rendered":"<p>\u00a0 N'h\u00e9sitez plus, et venez nous voir Profitez de cette opportunit\u00e9 : Venez d\u00e9couvrir notre tr\u00e8s belle \u00eele de Huahine Entrer en contact Vous serez suivi directement par les g\u00e9rants +689 87.20.63.10 heimiticar@gmail.com BP490 Fare ,98731 HUAHINE heimiti car +689 87.20.63.10 Message Client(s)<\/p>\n","protected":false},"author":1,"featured_media":0,"parent":0,"menu_order":0,"comment_status":"closed","ping_status":"closed","template":"","meta":{"om_disable_all_campaigns":false,"_monsterinsights_skip_tracking":false,"_monsterinsights_sitenote_active":false,"_monsterinsights_sitenote_note":"","_monsterinsights_sitenote_category":0,"_uf_show_specific_survey":0,"_uf_disable_surveys":false,"footnotes":""},"aioseo_notices":[],"_links":{"self":[{"href":"https:\/\/rentalcarsheimiticar.com\/index.php\/wp-json\/wp\/v2\/pages\/635"}],"collection":[{"href":"https:\/\/rentalcarsheimiticar.com\/index.php\/wp-json\/wp\/v2\/pages"}],"about":[{"href":"https:\/\/rentalcarsheimiticar.com\/index.php\/wp-json\/wp\/v2\/types\/page"}],"author":[{"embeddable":true,"href":"https:\/\/rentalcarsheimiticar.com\/index.php\/wp-json\/wp\/v2\/users\/1"}],"replies":[{"embeddable":true,"href":"https:\/\/rentalcarsheimiticar.com\/index.php\/wp-json\/wp\/v2\/comments?post=635"}],"version-history":[{"count":27,"href":"https:\/\/rentalcarsheimiticar.com\/index.php\/wp-json\/wp\/v2\/pages\/635\/revisions"}],"predecessor-version":[{"id":1734,"href":"https:\/\/rentalcarsheimiticar.com\/index.php\/wp-json\/wp\/v2\/pages\/635\/revisions\/1734"}],"wp:attachment":[{"href":"https:\/\/rentalcarsheimiticar.com\/index.php\/wp-json\/wp\/v2\/media?parent=635"}],"curies":[{"name":"wp","href":"https:\/\/api.w.org\/{rel}","templated":true}]}}